{"id":8618,"date":"2017-09-28T23:59:09","date_gmt":"2017-09-28T21:59:09","guid":{"rendered":"http:\/\/www.seh-n-sucht.de\/BLOG\/?page_id=8618"},"modified":"2025-09-21T16:56:06","modified_gmt":"2025-09-21T14:56:06","slug":"impressum","status":"publish","type":"page","link":"https:\/\/seh-n-sucht.de\/BLOG\/impressum\/","title":{"rendered":"Impressum"},"content":{"rendered":"\n<style type=\"text\/css\" data-created_by=\"avia_inline_auto\" id=\"style-css-av-31unre-1c2b43fc09dbe3e329d4710db19ef828\">\n#top .av-special-heading.av-31unre-1c2b43fc09dbe3e329d4710db19ef828{\npadding-bottom:10px;\n}\nbody .av-special-heading.av-31unre-1c2b43fc09dbe3e329d4710db19ef828 .av-special-heading-tag .heading-char{\nfont-size:25px;\n}\n.av-special-heading.av-31unre-1c2b43fc09dbe3e329d4710db19ef828 .av-subheading{\nfont-size:15px;\n}\n<\/style>\n<div  class='av-special-heading av-31unre-1c2b43fc09dbe3e329d4710db19ef828 av-special-heading-h1 meta-heading blockquote modern-quote  avia-builder-el-0  el_before_av_hr  avia-builder-el-first '><h1 class='av-special-heading-tag '  itemprop=\"headline\"  >Impressum<\/h1><div class=\"special-heading-border\"><div class=\"special-heading-inner-border\"><\/div><\/div><\/div>\n<div  class='hr av-ji1hlyxp-efeee6f68063d2a2753b8d63bbd7b26e hr-big  avia-builder-el-1  el_after_av_heading  el_before_av_textblock '><span class='hr-inner '><span class=\"hr-inner-style\"><\/span><\/span><\/div>\n<section  class='av_textblock_section av-ji1hmc2j-714d88c3174641c38a549d95980dbad9 '   itemscope=\"itemscope\" itemtype=\"https:\/\/schema.org\/CreativeWork\" ><div class='avia_textblock'  itemprop=\"text\" ><h5><\/h5>\n<p><strong>Private Internetseite &#8211; Angaben gem\u00e4\u00df \u00a7 5 TMG:<\/strong><\/p>\n<p>Birgit Franik<\/p>\n<p><strong>Kontakt<\/strong><\/p>\n<p>E-Mail: askme [AT] seh-n-sucht [DOT] de<\/p>\n<\/div><\/section>\n<div  class='hr av-ji1hlyxp-2-3bc5c2a91da4d1cdc54cd3a26d04b80f hr-big  avia-builder-el-3  el_after_av_textblock  el_before_av_heading '><span class='hr-inner '><span class=\"hr-inner-style\"><\/span><\/span><\/div>\n\n<style type=\"text\/css\" data-created_by=\"avia_inline_auto\" id=\"style-css-av-ji1hqfz6-9aabada5e6b9cc49f1f4f89912d7bbd6\">\n#top .av-special-heading.av-ji1hqfz6-9aabada5e6b9cc49f1f4f89912d7bbd6{\npadding-bottom:10px;\n}\nbody .av-special-heading.av-ji1hqfz6-9aabada5e6b9cc49f1f4f89912d7bbd6 .av-special-heading-tag .heading-char{\nfont-size:25px;\n}\n.av-special-heading.av-ji1hqfz6-9aabada5e6b9cc49f1f4f89912d7bbd6 .av-subheading{\nfont-size:15px;\n}\n<\/style>\n<div  class='av-special-heading av-ji1hqfz6-9aabada5e6b9cc49f1f4f89912d7bbd6 av-special-heading-h3 meta-heading blockquote modern-quote  avia-builder-el-4  el_after_av_hr  el_before_av_textblock '><h3 class='av-special-heading-tag '  itemprop=\"headline\"  >Haftungshinweis<\/h3><div class=\"special-heading-border\"><div class=\"special-heading-inner-border\"><\/div><\/div><\/div>\n<section  class='av_textblock_section av-ji1hmc2j-1-9286e82de5e664677ba3cb82ae8cdc24 '   itemscope=\"itemscope\" itemtype=\"https:\/\/schema.org\/CreativeWork\" ><div class='avia_textblock'  itemprop=\"text\" ><h5><\/h5>\n<p style=\"text-align: justify;\"><span style=\"text-align: justify;\">Alle Links zu externen Webseiten wurden \u00fcberpr\u00fcft. Es kann allerdings nicht ausgeschlossen werden, dass sich verlinkte Seiten im Inhalt \u00e4ndern. F\u00fcr den Inhalt der verlinkten Seiten sind ausschlie\u00dflich deren Betreiber verantwortlich.<\/span><\/p>\n<\/div><\/section>\n","protected":false},"excerpt":{"rendered":"","protected":false},"author":1,"featured_media":0,"parent":0,"menu_order":0,"comment_status":"closed","ping_status":"closed","template":"","meta":{"advanced_seo_description":"","jetpack_seo_html_title":"","jetpack_seo_noindex":false,"jetpack_post_was_ever_published":false,"footnotes":""},"class_list":["post-8618","page","type-page","status-publish","hentry"],"jetpack_likes_enabled":false,"jetpack_sharing_enabled":false,"jetpack_shortlink":"https:\/\/wp.me\/P7nJWF-2f0","_links":{"self":[{"href":"https:\/\/seh-n-sucht.de\/BLOG\/wp-json\/wp\/v2\/pages\/8618","targetHints":{"allow":["GET"]}}],"collection":[{"href":"https:\/\/seh-n-sucht.de\/BLOG\/wp-json\/wp\/v2\/pages"}],"about":[{"href":"https:\/\/seh-n-sucht.de\/BLOG\/wp-json\/wp\/v2\/types\/page"}],"author":[{"embeddable":true,"href":"https:\/\/seh-n-sucht.de\/BLOG\/wp-json\/wp\/v2\/users\/1"}],"replies":[{"embeddable":true,"href":"https:\/\/seh-n-sucht.de\/BLOG\/wp-json\/wp\/v2\/comments?post=8618"}],"version-history":[{"count":27,"href":"https:\/\/seh-n-sucht.de\/BLOG\/wp-json\/wp\/v2\/pages\/8618\/revisions"}],"predecessor-version":[{"id":21470,"href":"https:\/\/seh-n-sucht.de\/BLOG\/wp-json\/wp\/v2\/pages\/8618\/revisions\/21470"}],"wp:attachment":[{"href":"https:\/\/seh-n-sucht.de\/BLOG\/wp-json\/wp\/v2\/media?parent=8618"}],"curies":[{"name":"wp","href":"https:\/\/api.w.org\/{rel}","templated":true}]}}