{"id":8603,"date":"2017-09-28T22:15:40","date_gmt":"2017-09-28T20:15:40","guid":{"rendered":"http:\/\/www.seh-n-sucht.de\/BLOG\/?page_id=8603"},"modified":"2020-08-26T14:58:41","modified_gmt":"2020-08-26T12:58:41","slug":"about","status":"publish","type":"page","link":"https:\/\/seh-n-sucht.de\/BLOG\/about\/","title":{"rendered":"About"},"content":{"rendered":"\n<style type=\"text\/css\" data-created_by=\"avia_inline_auto\" id=\"style-css-av-jw7q0257-d6699e117be4ce70c97aeaf21488d741\">\n#top .hr.av-jw7q0257-d6699e117be4ce70c97aeaf21488d741{\nmargin-top:30px;\nmargin-bottom:30px;\n}\n.hr.av-jw7q0257-d6699e117be4ce70c97aeaf21488d741 .hr-inner{\nwidth:300px;\nborder-color:#e98677;\nmax-width:45%;\n}\n.hr.av-jw7q0257-d6699e117be4ce70c97aeaf21488d741 .av-seperator-icon{\ncolor:#aaaaaa;\n}\n.hr.av-jw7q0257-d6699e117be4ce70c97aeaf21488d741 .av-seperator-icon.avia-svg-icon svg:first-child{\nfill:#aaaaaa;\nstroke:#aaaaaa;\n}\n<\/style>\n<div  class='hr av-jw7q0257-d6699e117be4ce70c97aeaf21488d741 hr-custom  avia-builder-el-0  el_before_av_textblock  avia-builder-el-first  hr-center hr-icon-yes'><span class='hr-inner inner-border-av-border-thin'><span class=\"hr-inner-style\"><\/span><\/span><span class='av-seperator-icon avia-iconfont avia-font-entypo-fontello' data-av_icon='\ue865' data-av_iconfont='entypo-fontello' ><\/span><span class='hr-inner inner-border-av-border-thin'><span class=\"hr-inner-style\"><\/span><\/span><\/div>\n<section  class='av_textblock_section av-jw7pvdbi-5e35f9b6a15d3f9adfd0007e40f3521f '   itemscope=\"itemscope\" itemtype=\"https:\/\/schema.org\/CreativeWork\" ><div class='avia_textblock'  itemprop=\"text\" ><p><span style=\"color: #ffffff;\">.<\/span><\/p>\n<\/div><\/section>\n\n<style type=\"text\/css\" data-created_by=\"avia_inline_auto\" id=\"style-css-av-jw7pj5mn-0d79793e7e8948d70070fec89b71bad5\">\n#top .av-rotator-container.av-jw7pj5mn-0d79793e7e8948d70070fec89b71bad5{\ntext-align:center;\ncolor:#e98677;\n}\n<\/style>\n<div  class='av-rotator-container av-rotation-container-center av-jw7pj5mn-0d79793e7e8948d70070fec89b71bad5  avia-builder-el-2  el_after_av_textblock  el_before_av_textblock  av-fixed-rotator-width av-typewriter' data-interval='3' data-animation='typewriter' data-fixWidth='1'><h1 class='av-rotator-container-inner'><span class='av-rotator-text av-rotator-multiline-off'>\n<span class='av-rotator-text-single av-e70qvf-280e7cc5fd38bf91755462a82b57c9ad av-rotator-text-single-1' >Fotografieren ist...<\/span>\n<span class='av-rotator-text-single av-ckyrob-9f54b3a64e1ad45fde3db32d675b16e4 av-rotator-text-single-2' >Fotografieren ist wie schreiben mit Licht, <\/span>\n<span class='av-rotator-text-single av-bdqwvf-c3ef7afc1e12f3c569fa2e1d6d374429 av-rotator-text-single-3' > Fotografieren ist wie musizieren mit Farbt\u00f6nen <\/span>\n<span class='av-rotator-text-single av-93v61n-d034bf8bbb17c9e4eb6587a438847a0b av-rotator-text-single-4' >Fotografieren ist wie malen mit Zeit <\/span>\n<span class='av-rotator-text-single av-718hd7-775c7e6bb48895318c5426fc3c3cc6d8 av-rotator-text-single-5' >Fotografieren ist sehen mit Liebe.<\/span>\n<\/span><\/h1><\/div>\n<section  class='av_textblock_section av-jw7rg1q4-92311d5e56755f9ded510d7f5316a865 '   itemscope=\"itemscope\" itemtype=\"https:\/\/schema.org\/CreativeWork\" ><div class='avia_textblock'  itemprop=\"text\" ><p style=\"text-align: center;\"><span style=\"color: #e98677; font-size: 6pt;\"><span style=\"color: #ffffff;\">.<\/span><br \/>\n<span style=\"color: #ffffff;\">.<\/span><br \/>\n(nach Almut Adler)<\/span><\/p>\n<\/div><\/section>\n<section  class='av_textblock_section av-jw7pvdbi-5e35f9b6a15d3f9adfd0007e40f3521f '   itemscope=\"itemscope\" itemtype=\"https:\/\/schema.org\/CreativeWork\" ><div class='avia_textblock'  itemprop=\"text\" ><p><span style=\"color: #ffffff;\">.<\/span><\/p>\n<\/div><\/section>\n\n<style type=\"text\/css\" data-created_by=\"avia_inline_auto\" id=\"style-css-av-jw7q0257-d6699e117be4ce70c97aeaf21488d741\">\n#top .hr.av-jw7q0257-d6699e117be4ce70c97aeaf21488d741{\nmargin-top:30px;\nmargin-bottom:30px;\n}\n.hr.av-jw7q0257-d6699e117be4ce70c97aeaf21488d741 .hr-inner{\nwidth:300px;\nborder-color:#e98677;\nmax-width:45%;\n}\n.hr.av-jw7q0257-d6699e117be4ce70c97aeaf21488d741 .av-seperator-icon{\ncolor:#aaaaaa;\n}\n.hr.av-jw7q0257-d6699e117be4ce70c97aeaf21488d741 .av-seperator-icon.avia-svg-icon svg:first-child{\nfill:#aaaaaa;\nstroke:#aaaaaa;\n}\n<\/style>\n<div  class='hr av-jw7q0257-d6699e117be4ce70c97aeaf21488d741 hr-custom  avia-builder-el-5  el_after_av_textblock  el_before_av_textblock  hr-center hr-icon-yes'><span class='hr-inner inner-border-av-border-thin'><span class=\"hr-inner-style\"><\/span><\/span><span class='av-seperator-icon avia-iconfont avia-font-entypo-fontello' data-av_icon='\ue865' data-av_iconfont='entypo-fontello' ><\/span><span class='hr-inner inner-border-av-border-thin'><span class=\"hr-inner-style\"><\/span><\/span><\/div>\n<section  class='av_textblock_section av-jw7pvdbi-5e35f9b6a15d3f9adfd0007e40f3521f '   itemscope=\"itemscope\" itemtype=\"https:\/\/schema.org\/CreativeWork\" ><div class='avia_textblock'  itemprop=\"text\" ><p><span style=\"color: #ffffff;\">.<\/span><\/p>\n<\/div><\/section>\n\n<style type=\"text\/css\" data-created_by=\"avia_inline_auto\" id=\"style-css-av-5nnptn-1051855cddb8cf953d3d989da9015adb\">\n.flex_column.av-5nnptn-1051855cddb8cf953d3d989da9015adb{\nborder-radius:0px 0px 0px 0px;\npadding:0px 0px 0px 0px;\n}\n<\/style>\n<div  class='flex_column av-5nnptn-1051855cddb8cf953d3d989da9015adb av_one_third  avia-builder-el-7  el_after_av_textblock  el_before_av_one_third  first flex_column_div av-zero-column-padding  column-top-margin'     ><section  class='av_textblock_section av-jw7qd51f-9b1f00736b872a8d12a633dcd40ddc69 '   itemscope=\"itemscope\" itemtype=\"https:\/\/schema.org\/CreativeWork\" ><div class='avia_textblock'  itemprop=\"text\" ><p><span style=\"color: #ffffff;\">.<\/span><\/p>\n<p style=\"text-align: left;\">Hallo!<\/p>\n<p style=\"text-align: justify;\">Sch\u00f6n, dass Du mehr \u00fcber mich und diese Seite erfahren m\u00f6chtest.<\/p>\n<p style=\"text-align: justify;\">Aufgewachsen bin ich &#8211; Birgit &#8211; im Ruhrpott &#8211; genauer in M\u00fclheim an der Ruhr &#8211; 1998 habe ich Stadtflucht begangen und wohne seitdem mit der Familie sch\u00f6n und ruhig im M\u00fcnsterland.<\/p>\n<\/div><\/section><\/div>\n<style type=\"text\/css\" data-created_by=\"avia_inline_auto\" id=\"style-css-av-40nvhn-5a0383c34c90e8fc84f6e4295b0d5952\">\n.flex_column.av-40nvhn-5a0383c34c90e8fc84f6e4295b0d5952{\nborder-radius:0px 0px 0px 0px;\npadding:0px 0px 0px 0px;\n}\n<\/style>\n<div  class='flex_column av-40nvhn-5a0383c34c90e8fc84f6e4295b0d5952 av_one_third  avia-builder-el-9  el_after_av_one_third  el_before_av_one_third  flex_column_div av-zero-column-padding  column-top-margin'     ><style type=\"text\/css\" data-created_by=\"avia_inline_auto\" id=\"style-css-av-jw7q6c9w-108347f55d6d6eb6add27b52c77153dd\">\n.avia-image-container.av-jw7q6c9w-108347f55d6d6eb6add27b52c77153dd img.avia_image{\nbox-shadow:none;\n}\n.avia-image-container.av-jw7q6c9w-108347f55d6d6eb6add27b52c77153dd .av-image-caption-overlay-center{\ncolor:#ffffff;\nfont-size:10px;\n}\n<\/style>\n<div  class='avia-image-container av-jw7q6c9w-108347f55d6d6eb6add27b52c77153dd av-styling-circle avia-align-center  avia-builder-el-10  avia-builder-el-no-sibling '   itemprop=\"image\" itemscope=\"itemscope\" itemtype=\"https:\/\/schema.org\/ImageObject\" ><div class=\"avia-image-container-inner\"><div class=\"avia-image-overlay-wrap\"><img decoding=\"async\" fetchpriority=\"high\" class='wp-image-2703 avia-img-lazy-loading-not-2703 avia_image ' src=\"https:\/\/i0.wp.com\/seh-n-sucht.de\/BLOG\/wp-content\/uploads\/2016\/05\/%C2%A9-2016-Birgit-Franik-20160514-3114.jpg?fit=500%2C500&ssl=1\" alt='' title='Foto by Birgit Meyer, Vechta'  height=\"500\" width=\"500\"  itemprop=\"thumbnailUrl\"  \/><\/div><\/div><\/div><\/div><\/p>\n\n<style type=\"text\/css\" data-created_by=\"avia_inline_auto\" id=\"style-css-av-2teayj-ebc09779452170f5d947b1360ba4e152\">\n.flex_column.av-2teayj-ebc09779452170f5d947b1360ba4e152{\nborder-radius:0px 0px 0px 0px;\npadding:0px 0px 0px 0px;\n}\n<\/style>\n<div  class='flex_column av-2teayj-ebc09779452170f5d947b1360ba4e152 av_one_third  avia-builder-el-11  el_after_av_one_third  el_before_av_textblock  flex_column_div av-zero-column-padding  column-top-margin'     ><section  class='av_textblock_section av-jw7qd51f-9b1f00736b872a8d12a633dcd40ddc69 '   itemscope=\"itemscope\" itemtype=\"https:\/\/schema.org\/CreativeWork\" ><div class='avia_textblock'  itemprop=\"text\" ><p><span style=\"color: #ffffff;\">.<\/span><\/p>\n<p style=\"text-align: justify;\">Mein Hobbys waren immer Kochen und der Garten. 2010 wurde ich zudem von der Fotografie infiziert mit der ich mich immer mehr und intensiver, auch mit den verschiedensten Themengebieten, befasst habe. Gerne probiere ich Neues aus, liebe die Natur und fotografiere gerne Makros und Landschaften. Aber auch die Nacht- und Infrarotfotografie faszinieren mich. Immer nur das Gleiche w\u00e4re ja auch langweilig.<\/p>\n<p style=\"text-align: justify;\">Ihr findet mich oft mit Hund und Kamera in der Natur. Nichts ist sch\u00f6ner!<\/p>\n<\/div><\/section><\/div><section  class='av_textblock_section av-jw7pvdbi-5e35f9b6a15d3f9adfd0007e40f3521f '   itemscope=\"itemscope\" itemtype=\"https:\/\/schema.org\/CreativeWork\" ><div class='avia_textblock'  itemprop=\"text\" ><p><span style=\"color: #ffffff;\">.<\/span><\/p>\n<\/div><\/section><\/p>\n\n<style type=\"text\/css\" data-created_by=\"avia_inline_auto\" id=\"style-css-av-jw7q0257-d6699e117be4ce70c97aeaf21488d741\">\n#top .hr.av-jw7q0257-d6699e117be4ce70c97aeaf21488d741{\nmargin-top:30px;\nmargin-bottom:30px;\n}\n.hr.av-jw7q0257-d6699e117be4ce70c97aeaf21488d741 .hr-inner{\nwidth:300px;\nborder-color:#e98677;\nmax-width:45%;\n}\n.hr.av-jw7q0257-d6699e117be4ce70c97aeaf21488d741 .av-seperator-icon{\ncolor:#aaaaaa;\n}\n.hr.av-jw7q0257-d6699e117be4ce70c97aeaf21488d741 .av-seperator-icon.avia-svg-icon svg:first-child{\nfill:#aaaaaa;\nstroke:#aaaaaa;\n}\n<\/style>\n<div  class='hr av-jw7q0257-d6699e117be4ce70c97aeaf21488d741 hr-custom  avia-builder-el-14  el_after_av_textblock  el_before_av_textblock  hr-center hr-icon-yes'><span class='hr-inner inner-border-av-border-thin'><span class=\"hr-inner-style\"><\/span><\/span><span class='av-seperator-icon avia-iconfont avia-font-entypo-fontello' data-av_icon='\ue865' data-av_iconfont='entypo-fontello' ><\/span><span class='hr-inner inner-border-av-border-thin'><span class=\"hr-inner-style\"><\/span><\/span><\/div>\n<section  class='av_textblock_section av-jw7pvdbi-5e35f9b6a15d3f9adfd0007e40f3521f '   itemscope=\"itemscope\" itemtype=\"https:\/\/schema.org\/CreativeWork\" ><div class='avia_textblock'  itemprop=\"text\" ><p><span style=\"color: #ffffff;\">.<\/span><\/p>\n<p style=\"text-align: center;\"><span style=\"color: #e98677; font-size: 18pt; font-family: georgia, palatino, serif;\"><span style=\"font-size: 20pt;\">Don&#8217;t <span style=\"font-size: 28pt;\">shoot<\/span> <span style=\"font-size: 18pt;\">what<\/span> it looks like.<\/span><\/span><\/p>\n<p style=\"text-align: center;\"><span style=\"font-family: georgia, palatino, serif;\"><span style=\"color: #e98677; font-size: 20pt;\"><br \/>\nShoot <\/span><span style=\"color: #e98677; font-size: 20pt;\"><span style=\"font-size: 18pt;\">what it<\/span> <span style=\"font-size: 28pt;\">feels like<\/span>.<\/span><\/span><\/p>\n<p style=\"color: #333333; font-family: Georgia, 'Times New Roman', 'Bitstream Charter', Times, serif; text-align: center;\"><span style=\"color: #e98677; font-size: 18pt;\"><em><br \/>\n<span style=\"font-size: 10pt;\">David Alan Harvey<\/span><\/em><\/span><\/p>\n<p><span style=\"color: #ffffff;\">.<\/span><\/p>\n<\/div><\/section>\n\n<style type=\"text\/css\" data-created_by=\"avia_inline_auto\" id=\"style-css-av-jw7q0257-d6699e117be4ce70c97aeaf21488d741\">\n#top .hr.av-jw7q0257-d6699e117be4ce70c97aeaf21488d741{\nmargin-top:30px;\nmargin-bottom:30px;\n}\n.hr.av-jw7q0257-d6699e117be4ce70c97aeaf21488d741 .hr-inner{\nwidth:300px;\nborder-color:#e98677;\nmax-width:45%;\n}\n.hr.av-jw7q0257-d6699e117be4ce70c97aeaf21488d741 .av-seperator-icon{\ncolor:#aaaaaa;\n}\n.hr.av-jw7q0257-d6699e117be4ce70c97aeaf21488d741 .av-seperator-icon.avia-svg-icon svg:first-child{\nfill:#aaaaaa;\nstroke:#aaaaaa;\n}\n<\/style>\n<div  class='hr av-jw7q0257-d6699e117be4ce70c97aeaf21488d741 hr-custom  avia-builder-el-16  el_after_av_textblock  el_before_av_textblock  hr-center hr-icon-yes'><span class='hr-inner inner-border-av-border-thin'><span class=\"hr-inner-style\"><\/span><\/span><span class='av-seperator-icon avia-iconfont avia-font-entypo-fontello' data-av_icon='\ue865' data-av_iconfont='entypo-fontello' ><\/span><span class='hr-inner inner-border-av-border-thin'><span class=\"hr-inner-style\"><\/span><\/span><\/div>\n<section  class='av_textblock_section av-jw7plewj-d029d18c4ae9753f489dcd9a0f0c12f5 '   itemscope=\"itemscope\" itemtype=\"https:\/\/schema.org\/CreativeWork\" ><div class='avia_textblock'  itemprop=\"text\" ><h4 style=\"text-align: justify;\"><\/h4>\n<h4 style=\"text-align: justify;\"><span style=\"color: #ffffff;\">..<\/span><\/h4>\n<h3 style=\"text-align: center;\"><\/h3>\n<p><a title=\"Premium Blog Verzeichnis | Blogger Relations | Influencer Marketing\" href=\"https:\/\/premium-blog.com\/aufnahmekriterien\/\" target=\"_blank\" rel=\"noopener noreferrer\"><img data-recalc-dims=\"1\" decoding=\"async\" class=\"aligncenter\" style=\"border: 0;\" src=\"https:\/\/i0.wp.com\/premium-blog.com\/images\/premium-blog.png?w=1500&#038;ssl=1\" alt=\"Premium Blog Verzeichnis | Blogger Relations | Influencer Marketing\" \/><\/a><\/p>\n<p style=\"text-align: center;\"><span style=\"color: #ffffff;\">.<\/span><\/p>\n<\/div><\/section>\n\n<style type=\"text\/css\" data-created_by=\"avia_inline_auto\" id=\"style-css-av-jw7q0257-d6699e117be4ce70c97aeaf21488d741\">\n#top .hr.av-jw7q0257-d6699e117be4ce70c97aeaf21488d741{\nmargin-top:30px;\nmargin-bottom:30px;\n}\n.hr.av-jw7q0257-d6699e117be4ce70c97aeaf21488d741 .hr-inner{\nwidth:300px;\nborder-color:#e98677;\nmax-width:45%;\n}\n.hr.av-jw7q0257-d6699e117be4ce70c97aeaf21488d741 .av-seperator-icon{\ncolor:#aaaaaa;\n}\n.hr.av-jw7q0257-d6699e117be4ce70c97aeaf21488d741 .av-seperator-icon.avia-svg-icon svg:first-child{\nfill:#aaaaaa;\nstroke:#aaaaaa;\n}\n<\/style>\n<div  class='hr av-jw7q0257-d6699e117be4ce70c97aeaf21488d741 hr-custom  avia-builder-el-18  el_after_av_textblock  avia-builder-el-last  hr-center hr-icon-yes'><span class='hr-inner inner-border-av-border-thin'><span class=\"hr-inner-style\"><\/span><\/span><span class='av-seperator-icon avia-iconfont avia-font-entypo-fontello' data-av_icon='\ue865' data-av_iconfont='entypo-fontello' ><\/span><span class='hr-inner inner-border-av-border-thin'><span class=\"hr-inner-style\"><\/span><\/span><\/div>\n","protected":false},"excerpt":{"rendered":"","protected":false},"author":1,"featured_media":0,"parent":0,"menu_order":0,"comment_status":"closed","ping_status":"closed","template":"","meta":{"advanced_seo_description":"","jetpack_seo_html_title":"","jetpack_seo_noindex":false,"jetpack_post_was_ever_published":false,"footnotes":""},"class_list":["post-8603","page","type-page","status-publish","hentry"],"jetpack_likes_enabled":false,"jetpack_sharing_enabled":true,"jetpack_shortlink":"https:\/\/wp.me\/P7nJWF-2eL","_links":{"self":[{"href":"https:\/\/seh-n-sucht.de\/BLOG\/wp-json\/wp\/v2\/pages\/8603","targetHints":{"allow":["GET"]}}],"collection":[{"href":"https:\/\/seh-n-sucht.de\/BLOG\/wp-json\/wp\/v2\/pages"}],"about":[{"href":"https:\/\/seh-n-sucht.de\/BLOG\/wp-json\/wp\/v2\/types\/page"}],"author":[{"embeddable":true,"href":"https:\/\/seh-n-sucht.de\/BLOG\/wp-json\/wp\/v2\/users\/1"}],"replies":[{"embeddable":true,"href":"https:\/\/seh-n-sucht.de\/BLOG\/wp-json\/wp\/v2\/comments?post=8603"}],"version-history":[{"count":15,"href":"https:\/\/seh-n-sucht.de\/BLOG\/wp-json\/wp\/v2\/pages\/8603\/revisions"}],"predecessor-version":[{"id":21466,"href":"https:\/\/seh-n-sucht.de\/BLOG\/wp-json\/wp\/v2\/pages\/8603\/revisions\/21466"}],"wp:attachment":[{"href":"https:\/\/seh-n-sucht.de\/BLOG\/wp-json\/wp\/v2\/media?parent=8603"}],"curies":[{"name":"wp","href":"https:\/\/api.w.org\/{rel}","templated":true}]}}